{"id":299,"date":"2021-08-05T15:25:13","date_gmt":"2021-08-05T14:25:13","guid":{"rendered":"http:\/\/venema.hidesign.nl\/?page_id=299"},"modified":"2024-07-19T07:42:19","modified_gmt":"2024-07-19T06:42:19","slug":"299-2","status":"publish","type":"page","link":"https:\/\/www.weidevogelfilm.nl\/","title":{"rendered":""},"content":{"rendered":"\n\n\t\t\t\t<img decoding=\"async\" src=\"https:\/\/www.weidevogelfilm.nl\/wp-content\/uploads\/2021\/08\/huistijl-soaremoarre-scaled.jpg\" alt=\"huistijl soaremoarre\" itemprop=\"image\" height=\"1179\" width=\"2560\" title=\"huistijl soaremoarre\" onerror=\"this.style.display='none'\"  \/>\n\tBuorkje temidden van de greidef\u00fbgels<br \/>\n(boeren tussen de weidevogels)\n<h2>\n\t\tDe weidevogel in de Soarremoarrepolder\n\t<\/h2>\n\t\t\t\t\t\t<img decoding=\"async\" src=\"\"  \/>\n\t\t<h2>\n\t\tWaarom deze film?\n\t<\/h2>\n\t<p>De soarremoarrepolder tussen Akkrum en Aldeboarn is \u00e9\u00e9n van de meest bijzondere weidevogelgebieden in Frysl\u00e2n. De families Peenstra en Voolstra beheren hier met drie bedrijven zo&#8217;n 200 ha op een extensieve, biologische en natuurlijke manier met hart voor de weidevogel.<\/p>\n<p>Hoog slootwaterpeil, plas-drassen en kruidenrijke weiden zijn een kenmerk van de polder. Maaien en beweiden staat in dienst van de weidevogels.<\/p>\nDe film kan dienen voor educatie doeleinden en is vooral bedoeld om<br \/>\nboer en burger enthousiast te maken voor de prachtige weidevogelnatuur van het authentieke boerenland en bij te dragen aan het herstel ervan.\n<p>Bovenal, geniet van de beelden!<\/p>\nGeert Peenstra<br \/>\nAnne Voolstra<br \/>\nJan Peenstra<br \/>\nBroer Voolstra<br \/>\nJitze Peenstra\n<h2>\n\t\tMet dank aan\n\t<\/h2>\n\tCamera, edit en audio : Hans Hut<br \/>\nRegie, script en voice-over: Geert Peenstra<br \/>\nMuziek: Epidemic Sound\nMet dank aan:<br \/>\nJan Kleefstra | Dichter en vogelteller<br \/>\nAstrid Kant | Onderzoekster en Auteur<br \/>\nAnne Jansma | Living Lab Frysl\u00e2n<br \/>\nRen\u00e9 Jochems | Groeibalans<br \/>\nJohannes Bakker | CO2L Farming Advies<br \/>\nJeroen Onrust | Post-doctoral researcher RUG<br \/>\nBob Jonge Poerink | Ecosensys<br \/>\nTjerk de Vries | Nazorger<br \/>\nKeimpe de Vries | Nazorger<br \/>\nWim van Gorkum | Nazorger<br \/>\nMurk-Jaep van der Schaaf | Documentairemaker\n<h2>\n\t\tFragmenten\n\t<\/h2>\n\t\t\t\t<img decoding=\"async\" src=\"https:\/\/www.weidevogelfilm.nl\/wp-content\/uploads\/2021\/08\/1.jpg\" alt=\"1\" title=\"1\" itemprop=\"image\"\/>\n\t\t\t\t \n\t\t Jan Peenstra weet dat opleiding en liefde voor onze vogels vroeg moeten beginnen.\t\t\t\t\t\n\t\t\t\t<img decoding=\"async\" src=\"https:\/\/www.weidevogelfilm.nl\/wp-content\/uploads\/2021\/08\/2.jpg\" alt=\"2\" title=\"2\" itemprop=\"image\"\/>\n\t\t\t\t \n\t\tRen\u00e9 Jochems doet ons verwonderen wat er allemaal onder de grond gebeurd.\t\t\t\t\t\n\t\t\t\t<img decoding=\"async\" src=\"https:\/\/www.weidevogelfilm.nl\/wp-content\/uploads\/2021\/08\/4.jpg\" alt=\"4\" title=\"4\" itemprop=\"image\"\/>\n\t\t\t\t \n\t\tAls wij op \u00e9\u00e9n oor liggen beschermd de grutto het nest voor rovers.\t\t\t\t\t\n\t\t\t\t<img decoding=\"async\" src=\"https:\/\/www.weidevogelfilm.nl\/wp-content\/uploads\/2021\/08\/3.jpg\" alt=\"3\" title=\"3\" itemprop=\"image\"\/>\n\t\t\t\t \n\t\tJan Kleefstra verteld ons hoe belangrijk het is dat er ruimere gebieden komen.\t\t\t\t\t\n\t<p>Voor meer informatie, mail naar <a href=\"mailto:boerderij@denijepleats.nl\">boerderij@denijepleats.nl<\/a>.<\/p>\n\t\t\t<p>Niets uit deze website mag worden verveelvoudigd, opgeslagen in een geautomatiseerd gegevensbestand of openbaar gemaakt, in enige<br \/>vorm of op enige wijze, hetzij elektronisch, hetzij mechanisch, door fotokopie\u00ebn, opnamen of enig andere manier, zonder voorafgaande schriftelijke toestemming van weidevogelfilm.nl.<\/p>\n\t<p>Deze film werd mede mogelijk gemaakt door provincie Frysl\u00e2n<\/p>\n\t\t\t\t<img decoding=\"async\" src=\"https:\/\/www.weidevogelfilm.nl\/wp-content\/uploads\/2021\/08\/logo_fryslan.png\" alt=\"logo_fryslan\" itemprop=\"image\" height=\"200\" width=\"817\" title=\"logo_fryslan\" onerror=\"this.style.display='none'\"  \/>\n\n","protected":false},"excerpt":{"rendered":"<p>Buorkje temidden van de greidef\u00fbgels (boeren tussen de weidevogels) De weidevogel in de Soarremoarrepolder Waarom deze film? De soarremoarrepolder tussen Akkrum en Aldeboarn is \u00e9\u00e9n van de meest bijzondere weidevogelgebieden in Frysl\u00e2n. De families Peenstra en Voolstra beheren hier met drie bedrijven zo&#8217;n 200 ha op een extensieve, biologische en natuurlijke manier met hart voor&hellip;<\/p>\n","protected":false},"author":1,"featured_media":0,"parent":0,"menu_order":0,"comment_status":"closed","ping_status":"closed","template":"","meta":{"footnotes":""},"class_list":["post-299","page","type-page","status-publish","hentry"],"_links":{"self":[{"href":"https:\/\/www.weidevogelfilm.nl\/index.php\/wp-json\/wp\/v2\/pages\/299","targetHints":{"allow":["GET"]}}],"collection":[{"href":"https:\/\/www.weidevogelfilm.nl\/index.php\/wp-json\/wp\/v2\/pages"}],"about":[{"href":"https:\/\/www.weidevogelfilm.nl\/index.php\/wp-json\/wp\/v2\/types\/page"}],"author":[{"embeddable":true,"href":"https:\/\/www.weidevogelfilm.nl\/index.php\/wp-json\/wp\/v2\/users\/1"}],"replies":[{"embeddable":true,"href":"https:\/\/www.weidevogelfilm.nl\/index.php\/wp-json\/wp\/v2\/comments?post=299"}],"version-history":[{"count":24,"href":"https:\/\/www.weidevogelfilm.nl\/index.php\/wp-json\/wp\/v2\/pages\/299\/revisions"}],"predecessor-version":[{"id":340,"href":"https:\/\/www.weidevogelfilm.nl\/index.php\/wp-json\/wp\/v2\/pages\/299\/revisions\/340"}],"wp:attachment":[{"href":"https:\/\/www.weidevogelfilm.nl\/index.php\/wp-json\/wp\/v2\/media?parent=299"}],"curies":[{"name":"wp","href":"https:\/\/api.w.org\/{rel}","templated":true}]}}